{"id":2018,"date":"2016-05-18T18:05:22","date_gmt":"2016-05-18T18:05:22","guid":{"rendered":"https:\/\/www.sesizi.com\/homepage\/"},"modified":"2025-12-11T18:46:08","modified_gmt":"2025-12-11T18:46:08","slug":"homepage","status":"publish","type":"page","link":"https:\/\/www.sesizi.com\/en\/","title":{"rendered":"Homepage"},"content":{"rendered":"\n<p><strong>Voice actors<\/strong><\/p>\n\n<script type=\"application\/ld+json\">{\n  \"@context\": \"https:\/\/schema.org\",\n  \"@type\": \"Service\",\n  \"name\": \"Profesyonel Seslendirme Hizmetleri\",\n  \"description\": \"T\u00fcrk\u00e7e ve yabanc\u0131 dillerde profesyonel seslendirme hizmetleri sunuyoruz. Reklam, belgesel, e-kitap ve daha bir\u00e7ok projeye \u00f6zel \u00e7\u00f6z\u00fcmler.\",\n  \"provider\": {\n    \"@type\": \"Organization\",\n    \"name\": \"SES\u0130Z\u0130 SES VE PROD\u00dcKS\u0130YON H\u0130ZMETLER\u0130 LTD. \u015eT\u0130.\",\n    \"url\": \"https:\/\/www.sesizi.com\"\n  },\n  \"areaServed\": {\n    \"@type\": \"Country\",\n    \"name\": \"T\u00fcrkiye\"\n  },\n  \"keywords\": [\n    \"seslendirme hizmetleri\",\n    \"profesyonel seslendirme\",\n    \"reklam seslendirme\",\n    \"belgesel seslendirme\",\n    \"e-kitap seslendirme\",\n    \"dublaj hizmetleri\"\n  ],\n  \"contactPoint\": {\n    \"@type\": \"ContactPoint\",\n    \"telephone\": \"+90-212 211 00 90\",\n    \"contactType\": \"customer service\"\n  }\n}\n<\/script>\n\n<figure class=\"wp-block-image size-large\"><img loading=\"lazy\" decoding=\"async\" width=\"1024\" height=\"556\" src=\"https:\/\/www.sesizi.com\/wp-content\/uploads\/2025\/08\/Ekran-Resmi-2025-08-14-15.15.14-1-1024x556.png\" alt=\"voice actors\" class=\"wp-image-3129\" title=\"\" srcset=\"https:\/\/www.sesizi.com\/wp-content\/uploads\/2025\/08\/Ekran-Resmi-2025-08-14-15.15.14-1-1024x556.png 1024w, https:\/\/www.sesizi.com\/wp-content\/uploads\/2025\/08\/Ekran-Resmi-2025-08-14-15.15.14-1-300x163.png 300w, https:\/\/www.sesizi.com\/wp-content\/uploads\/2025\/08\/Ekran-Resmi-2025-08-14-15.15.14-1-768x417.png 768w, https:\/\/www.sesizi.com\/wp-content\/uploads\/2025\/08\/Ekran-Resmi-2025-08-14-15.15.14-1-138x75.png 138w, https:\/\/www.sesizi.com\/wp-content\/uploads\/2025\/08\/Ekran-Resmi-2025-08-14-15.15.14-1-480x261.png 480w, https:\/\/www.sesizi.com\/wp-content\/uploads\/2025\/08\/Ekran-Resmi-2025-08-14-15.15.14-1.png 1082w\" sizes=\"(max-width:767px) 480px, (max-width:1024px) 100vw, 1024px\" \/><\/figure>\n","protected":false},"excerpt":{"rendered":"<p>Voice actors<\/p>\n","protected":false},"author":1,"featured_media":0,"parent":0,"menu_order":0,"comment_status":"closed","ping_status":"closed","template":"","meta":{"footnotes":""},"_links":{"self":[{"href":"https:\/\/www.sesizi.com\/en\/wp-json\/wp\/v2\/pages\/2018"}],"collection":[{"href":"https:\/\/www.sesizi.com\/en\/wp-json\/wp\/v2\/pages"}],"about":[{"href":"https:\/\/www.sesizi.com\/en\/wp-json\/wp\/v2\/types\/page"}],"author":[{"embeddable":true,"href":"https:\/\/www.sesizi.com\/en\/wp-json\/wp\/v2\/users\/1"}],"replies":[{"embeddable":true,"href":"https:\/\/www.sesizi.com\/en\/wp-json\/wp\/v2\/comments?post=2018"}],"version-history":[{"count":11,"href":"https:\/\/www.sesizi.com\/en\/wp-json\/wp\/v2\/pages\/2018\/revisions"}],"predecessor-version":[{"id":3268,"href":"https:\/\/www.sesizi.com\/en\/wp-json\/wp\/v2\/pages\/2018\/revisions\/3268"}],"wp:attachment":[{"href":"https:\/\/www.sesizi.com\/en\/wp-json\/wp\/v2\/media?parent=2018"}],"curies":[{"name":"wp","href":"https:\/\/api.w.org\/{rel}","templated":true}]}}