{"id":2914,"date":"2025-01-12T11:02:51","date_gmt":"2025-01-12T11:02:51","guid":{"rendered":"https:\/\/www.sesizi.com\/voice-over-reading-speed-detection\/"},"modified":"2025-01-12T21:14:05","modified_gmt":"2025-01-12T21:14:05","slug":"voice-over-reading-speed-detection","status":"publish","type":"page","link":"https:\/\/www.sesizi.com\/en\/voice-over-reading-speed-detection\/","title":{"rendered":"Voice Over Reading Speed Detection"},"content":{"rendered":"<div class=\"wp-block-image\">\n<figure class=\"aligncenter size-large is-resized\"><img loading=\"lazy\" decoding=\"async\" width=\"1024\" height=\"1004\" src=\"https:\/\/www.sesizi.com\/wp-content\/uploads\/2025\/01\/seslendirme-okuma-hizi-tespiti-illustrasyon-2-1024x1004.jpg\" alt=\"\" class=\"wp-image-2904\" style=\"width:302px;height:auto\" title=\"\" srcset=\"https:\/\/www.sesizi.com\/wp-content\/uploads\/2025\/01\/seslendirme-okuma-hizi-tespiti-illustrasyon-2-1024x1004.jpg 1024w, https:\/\/www.sesizi.com\/wp-content\/uploads\/2025\/01\/seslendirme-okuma-hizi-tespiti-illustrasyon-2-300x294.jpg 300w, https:\/\/www.sesizi.com\/wp-content\/uploads\/2025\/01\/seslendirme-okuma-hizi-tespiti-illustrasyon-2-768x753.jpg 768w, https:\/\/www.sesizi.com\/wp-content\/uploads\/2025\/01\/seslendirme-okuma-hizi-tespiti-illustrasyon-2-1536x1506.jpg 1536w, https:\/\/www.sesizi.com\/wp-content\/uploads\/2025\/01\/seslendirme-okuma-hizi-tespiti-illustrasyon-2-76x75.jpg 76w, https:\/\/www.sesizi.com\/wp-content\/uploads\/2025\/01\/seslendirme-okuma-hizi-tespiti-illustrasyon-2-480x471.jpg 480w, https:\/\/www.sesizi.com\/wp-content\/uploads\/2025\/01\/seslendirme-okuma-hizi-tespiti-illustrasyon-2.jpg 1842w\" sizes=\"(max-width:767px) 480px, (max-width:1024px) 100vw, 1024px\" \/><\/figure><\/div>    <div id=\"reading-time-calculator\">\n        <div id=\"ez-toc-container\" class=\"ez-toc-v2_0_75 counter-hierarchy ez-toc-counter ez-toc-grey ez-toc-container-direction\">\n<div class=\"ez-toc-title-container\">\n<p class=\"ez-toc-title\" style=\"cursor:inherit\">Table of Contents<\/p>\n<span class=\"ez-toc-title-toggle\"><a href=\"#\" class=\"ez-toc-pull-right ez-toc-btn ez-toc-btn-xs ez-toc-btn-default ez-toc-toggle\" aria-label=\"Toggle Table of Content\"><span class=\"ez-toc-js-icon-con\"><span class=\"\"><span class=\"eztoc-hide\" style=\"display:none;\">Toggle<\/span><span class=\"ez-toc-icon-toggle-span\"><svg style=\"fill: #999;color:#999\" xmlns=\"http:\/\/www.w3.org\/2000\/svg\" class=\"list-377408\" width=\"20px\" height=\"20px\" viewBox=\"0 0 24 24\" fill=\"none\"><path d=\"M6 6H4v2h2V6zm14 0H8v2h12V6zM4 11h2v2H4v-2zm16 0H8v2h12v-2zM4 16h2v2H4v-2zm16 0H8v2h12v-2z\" fill=\"currentColor\"><\/path><\/svg><svg style=\"fill: #999;color:#999\" class=\"arrow-unsorted-368013\" xmlns=\"http:\/\/www.w3.org\/2000\/svg\" width=\"10px\" height=\"10px\" viewBox=\"0 0 24 24\" version=\"1.2\" baseProfile=\"tiny\"><path d=\"M18.2 9.3l-6.2-6.3-6.2 6.3c-.2.2-.3.4-.3.7s.1.5.3.7c.2.2.4.3.7.3h11c.3 0 .5-.1.7-.3.2-.2.3-.5.3-.7s-.1-.5-.3-.7zM5.8 14.7l6.2 6.3 6.2-6.3c.2-.2.3-.5.3-.7s-.1-.5-.3-.7c-.2-.2-.4-.3-.7-.3h-11c-.3 0-.5.1-.7.3-.2.2-.3.5-.3.7s.1.5.3.7z\"\/><\/svg><\/span><\/span><\/span><\/a><\/span><\/div>\n<nav><ul class='ez-toc-list ez-toc-list-level-1 ' ><ul class='ez-toc-list-level-3' ><li class='ez-toc-heading-level-3'><ul class='ez-toc-list-level-3' ><li class='ez-toc-heading-level-3'><a class=\"ez-toc-link ez-toc-heading-1\" href=\"https:\/\/www.sesizi.com\/en\/voice-over-reading-speed-detection\/#Okuma_Suresi_Hesaplama\" >Okuma S\u00fcresi Hesaplama<\/a><\/li><\/ul><\/li><\/ul><\/li><li class='ez-toc-page-1 ez-toc-heading-level-1'><a class=\"ez-toc-link ez-toc-heading-2\" href=\"https:\/\/www.sesizi.com\/en\/voice-over-reading-speed-detection\/#What_is_Voice_Over_Reading_Rate_Detection\" >What is Voice Over Reading Rate Detection?<\/a><\/li><\/ul><\/nav><\/div>\n<h3><span class=\"ez-toc-section\" id=\"Okuma_Suresi_Hesaplama\"><\/span>Okuma S\u00fcresi Hesaplama<span class=\"ez-toc-section-end\"><\/span><\/h3>\n        <textarea id=\"textInput\" rows=\"8\" cols=\"50\" placeholder=\"Metninizi buraya yap\u0131\u015ft\u0131r\u0131n\"><\/textarea>\n        <br>\n        <button onclick=\"calculateReadingTime()\">Hesapla<\/button>\n        <div id=\"result\"><\/div>\n    <\/div>\n    <style>\n        #reading-time-calculator {\n            font-family: Arial, sans-serif;\n            max-width: 600px;\n            margin: 20px auto;\n            text-align: center;\n        }\n        textarea {\n            width: 100%;\n            padding: 10px;\n            font-size: 16px;\n            margin-bottom: 10px;\n            background-color: #fff8e5;\n            border: 1px solid #ccc;\n            border-radius: 5px;\n        }\n        button {\n            margin-top: 10px;\n            padding: 10px 20px;\n            font-size: 16px;\n            background-color: #0073aa;\n            color: #fff;\n            border: none;\n            border-radius: 5px;\n            cursor: pointer;\n        }\n        button:hover {\n            background-color: #005f8d;\n        }\n        #result {\n            margin-top: 15px;\n            font-size: 16px;\n            color: #333;\n        }\n    <\/style>\n    <script>\n        function calculateReadingTime() {\n            const text = document.getElementById(\"textInput\").value.trim();\n            if (!text) {\n                document.getElementById(\"result\").innerHTML = \"L\u00fctfen bir metin girin.\";\n                return;\n            }\n\n            const words = text.split(\/\\s+\/).filter(word => word.length > 0).length;\n\n            \/\/ Okuma h\u0131zlar\u0131 (kelime\/dakika)\n            const slowSpeed = 100;  \/\/ Yava\u015f okuma h\u0131z\u0131\n            const mediumSpeed = 200; \/\/ Orta okuma h\u0131z\u0131\n            const fastSpeed = 300;  \/\/ H\u0131zl\u0131 okuma h\u0131z\u0131\n\n            \/\/ S\u00fcrelerin hesaplanmas\u0131 (dakika ve saniye)\n            const slowReadingTime = words \/ slowSpeed;\n            const mediumReadingTime = words \/ mediumSpeed;\n            const fastReadingTime = words \/ fastSpeed;\n\n            \/\/ S\u00fcreyi formatlama (dakika ve saniye olarak)\n            const formatTime = (time) => {\n                const minutes = Math.floor(time);\n                const seconds = Math.round((time - minutes) * 60);\n                return `${minutes} dakika ${seconds} saniye`;\n            };\n\n            \/\/ Sonu\u00e7lar\u0131 g\u00f6ster\n            document.getElementById(\"result\").innerHTML = `\n                <p>Metin uzunlu\u011fu: <strong>${words} kelime<\/strong><\/p>\n                <p><strong>Yava\u015f okuma s\u00fcresi:<\/strong> ${formatTime(slowReadingTime)}<\/p>\n                <p><strong>Orta okuma s\u00fcresi:<\/strong> ${formatTime(mediumReadingTime)}<\/p>\n                <p><strong>H\u0131zl\u0131 okuma s\u00fcresi:<\/strong> ${formatTime(fastReadingTime)}<\/p>\n            `;\n        }\n    <\/script>\n    \n\n\n\n\n    <meta charset=\"UTF-8\"\/>\n    <meta name=\"viewport\" content=\"width=device-width, initial-scale=1.0\"\/>\n    <meta name=\"description\" content=\"With the voiceover reading speed detection tool, you can calculate the reading times of texts at slow, medium and fast tempo.\"\/>\n    <meta name=\"keywords\" content=\"Voice-over reading speed detection, reading time calculation, voice-over projects\"\/>\n    <title>Voice Over Reading Speed Detection &#8211; Text Reading Time Calculation<\/title>\n\n\n    <article>\n        <h1><span class=\"ez-toc-section\" id=\"What_is_Voice_Over_Reading_Rate_Detection\"><\/span>What is Voice Over Reading Rate Detection?<span class=\"ez-toc-section-end\"><\/span><\/h1>\n        <p><strong><a href=\"https:\/\/www.sesizi.com\/en\/\" target=\"_blank\" rel=\"noopener noreferrer\">Voiceover<\/a><\/strong> reading speed detection is a method that analyzes the reading time of texts. This tool gives results according to slow, medium and fast reading speeds. Timing and accuracy are very important in voice-over projects. Therefore, reading speed detection enables accurate planning.   <\/p>\n\n        <p>Timing plays an important role in projects. When it is determined how long it takes to complete the text, the process is more organized. This allows artists to better showcase their performances. It also makes the planning phase easier.   <\/p>\n\n        <p>Reading time depends on word count and reading speed. A slow reader reads around 150 words per minute. People who read at a medium speed reach 200 words. Faster readers can read 250 words per minute. This data provides an accurate analysis for projects.    <\/p>\n\n        <p><strong>Voiceover reading speed detection<\/strong> is a solution that anyone can easily use. It is enough to paste the text into the box and press the &#8220;Calculate&#8221; button. The system analyzes the number of words in the text. It shows slow, medium and fast reading times in a few seconds. This tool is ideal for understanding the length of texts and managing projects efficiently.    <\/p>\n\n        <p>As a result, voice-over reading speed detection saves time on projects. You can easily analyze your texts with this tool and organize your processes better. In this way, voice-over projects progress in a more professional way.  <\/p>\n    <\/article>\n\n\n","protected":false},"excerpt":{"rendered":"<p>Voice Over Reading Speed Detection &#8211; Text Reading Time Calculation What is Voice Over Reading Rate Detection? Voiceover reading speed detection is a method that analyzes<span class=\"excerpt-hellip\"> [\u2026]<\/span><\/p>\n","protected":false},"author":1,"featured_media":0,"parent":0,"menu_order":0,"comment_status":"closed","ping_status":"closed","template":"","meta":{"footnotes":""},"_links":{"self":[{"href":"https:\/\/www.sesizi.com\/en\/wp-json\/wp\/v2\/pages\/2914"}],"collection":[{"href":"https:\/\/www.sesizi.com\/en\/wp-json\/wp\/v2\/pages"}],"about":[{"href":"https:\/\/www.sesizi.com\/en\/wp-json\/wp\/v2\/types\/page"}],"author":[{"embeddable":true,"href":"https:\/\/www.sesizi.com\/en\/wp-json\/wp\/v2\/users\/1"}],"replies":[{"embeddable":true,"href":"https:\/\/www.sesizi.com\/en\/wp-json\/wp\/v2\/comments?post=2914"}],"version-history":[{"count":1,"href":"https:\/\/www.sesizi.com\/en\/wp-json\/wp\/v2\/pages\/2914\/revisions"}],"predecessor-version":[{"id":2915,"href":"https:\/\/www.sesizi.com\/en\/wp-json\/wp\/v2\/pages\/2914\/revisions\/2915"}],"wp:attachment":[{"href":"https:\/\/www.sesizi.com\/en\/wp-json\/wp\/v2\/media?parent=2914"}],"curies":[{"name":"wp","href":"https:\/\/api.w.org\/{rel}","templated":true}]}}